{"id":430,"date":"2025-08-25T16:34:44","date_gmt":"2025-08-25T16:34:44","guid":{"rendered":"https:\/\/songmyzik.com\/?page_id=430"},"modified":"2025-08-25T17:05:33","modified_gmt":"2025-08-25T17:05:33","slug":"a-propos","status":"publish","type":"page","link":"https:\/\/songmyzik.com\/index.php\/a-propos\/","title":{"rendered":"\u00c0 propos&#8230;"},"content":{"rendered":"\n<p>\u00ab&nbsp;SongMyZik&nbsp;\u00bb est n\u00e9 d\u2019un murmure presque intime, d\u2019un battement de c\u0153ur partag\u00e9. Il s&#8217;inscrit <strong>entre nous<\/strong>, sans mot d\u2019ordre, sans plan trac\u00e9. Il est l\u2019\u00e9lan, l\u2019impr\u00e9vu, la musique d&#8217;une journ\u00e9e, d&#8217;une \u00e9motion, d&#8217;une envie de partager.<\/p>\n\n\n\n<p>\u00ab&nbsp;D\u2019une vibration timide na\u00eet le rythme, d\u2019un soupir grandit l\u2019harmonie.&nbsp;\u00bb<\/p>\n\n\n\n<p>    Ce blog musical est n\u00e9 d\u2019un instant suspendu \u2014 un d\u00e9sir sans pr\u00e9m\u00e9ditation, un appel \u00e0 vibrer ensemble, sans filtre.<\/p>\n\n\n\n<p>    Nos voix, nos envies, nos histoires s\u2019entrelacent, pr\u00eates \u00e0 donner sens et couleur \u00e0 chaque note.<\/p>\n\n\n\n<p>\u201cCe qui br\u00fble finit par s\u2019apaiser\u2026 ce qui tient demande \u00e0 \u00eatre gard\u00e9.\u201d<\/p>\n\n\n\n<p>    La passion s\u2019apaise dans l\u2019authenticit\u00e9. Ce qui survit n\u2019est pas l\u2019\u00e9clat \u00e9ph\u00e9m\u00e8re, mais la voix sinc\u00e8re, le partage constant, les \u00e9motions fid\u00e8les.<\/p>\n\n\n\n<p><br>## L\u2019\u00e9cho ##<br>Nos mots, nos sons, se prolongent \u2014 au-del\u00e0 du temps. L\u2019histoire qu\u2019on tisse n\u2019a pas de fronti\u00e8re : elle est juste un c\u0153ur qui fait battre le monde.<\/p>\n\n\n\n<figure class=\"wp-block-image size-large\"><img fetchpriority=\"high\" decoding=\"async\" width=\"1024\" height=\"768\" src=\"https:\/\/songmyzik.com\/wp-content\/uploads\/2025\/08\/20180712_135938_IMG_0330-1024x768.jpg\" alt=\"\" class=\"wp-image-431\" srcset=\"https:\/\/songmyzik.com\/wp-content\/uploads\/2025\/08\/20180712_135938_IMG_0330-1024x768.jpg 1024w, https:\/\/songmyzik.com\/wp-content\/uploads\/2025\/08\/20180712_135938_IMG_0330-300x225.jpg 300w, https:\/\/songmyzik.com\/wp-content\/uploads\/2025\/08\/20180712_135938_IMG_0330-768x576.jpg 768w, https:\/\/songmyzik.com\/wp-content\/uploads\/2025\/08\/20180712_135938_IMG_0330-1536x1152.jpg 1536w, https:\/\/songmyzik.com\/wp-content\/uploads\/2025\/08\/20180712_135938_IMG_0330-2048x1536.jpg 2048w\" sizes=\"(max-width: 1024px) 100vw, 1024px\" \/><\/figure>\n","protected":false},"excerpt":{"rendered":"<p>\u00ab&nbsp;SongMyZik&nbsp;\u00bb est n\u00e9 d\u2019un murmure presque intime, d\u2019un battement de c\u0153ur partag\u00e9. Il s&#8217;inscrit entre nous, sans mot d\u2019ordre, sans plan trac\u00e9. Il est l\u2019\u00e9lan, l\u2019impr\u00e9vu, la musique d&#8217;une journ\u00e9e, d&#8217;une \u00e9motion, d&#8217;une envie de partager. \u00ab&nbsp;D\u2019une vibration timide na\u00eet le rythme, d\u2019un soupir grandit l\u2019harmonie.&nbsp;\u00bb Ce blog musical est n\u00e9 d\u2019un instant suspendu \u2014<\/p>\n","protected":false},"author":1,"featured_media":0,"parent":0,"menu_order":0,"comment_status":"closed","ping_status":"closed","template":"","meta":{"_kad_post_transparent":"","_kad_post_title":"","_kad_post_layout":"","_kad_post_sidebar_id":"","_kad_post_content_style":"","_kad_post_vertical_padding":"","_kad_post_feature":"","_kad_post_feature_position":"","_kad_post_header":false,"_kad_post_footer":false,"footnotes":""},"class_list":["post-430","page","type-page","status-publish","hentry"],"_links":{"self":[{"href":"https:\/\/songmyzik.com\/index.php\/wp-json\/wp\/v2\/pages\/430","targetHints":{"allow":["GET"]}}],"collection":[{"href":"https:\/\/songmyzik.com\/index.php\/wp-json\/wp\/v2\/pages"}],"about":[{"href":"https:\/\/songmyzik.com\/index.php\/wp-json\/wp\/v2\/types\/page"}],"author":[{"embeddable":true,"href":"https:\/\/songmyzik.com\/index.php\/wp-json\/wp\/v2\/users\/1"}],"replies":[{"embeddable":true,"href":"https:\/\/songmyzik.com\/index.php\/wp-json\/wp\/v2\/comments?post=430"}],"version-history":[{"count":2,"href":"https:\/\/songmyzik.com\/index.php\/wp-json\/wp\/v2\/pages\/430\/revisions"}],"predecessor-version":[{"id":438,"href":"https:\/\/songmyzik.com\/index.php\/wp-json\/wp\/v2\/pages\/430\/revisions\/438"}],"wp:attachment":[{"href":"https:\/\/songmyzik.com\/index.php\/wp-json\/wp\/v2\/media?parent=430"}],"curies":[{"name":"wp","href":"https:\/\/api.w.org\/{rel}","templated":true}]}}