{"id":180,"date":"2025-06-10T21:07:44","date_gmt":"2025-06-10T21:07:44","guid":{"rendered":"https:\/\/songmyzik.com\/?page_id=180"},"modified":"2025-06-10T21:08:44","modified_gmt":"2025-06-10T21:08:44","slug":"listong","status":"publish","type":"page","link":"https:\/\/songmyzik.com\/index.php\/listong\/","title":{"rendered":"Listing rapide"},"content":{"rendered":"<ul class=\"display-posts-listing\"><li class=\"listing-item\"><a class=\"title\" href=\"https:\/\/songmyzik.com\/index.php\/2025\/10\/04\/nos-caminhos-separam\/\">\u201cNos Caminhos Separam\u201d<\/a><\/li><li class=\"listing-item\"><a class=\"title\" href=\"https:\/\/songmyzik.com\/index.php\/2025\/08\/30\/la-cle\/\">La cl\u00e9<\/a><\/li><li class=\"listing-item\"><a class=\"title\" href=\"https:\/\/songmyzik.com\/index.php\/2025\/08\/23\/la-naissance\/\">La naissance<\/a><\/li><li class=\"listing-item\"><a class=\"title\" href=\"https:\/\/songmyzik.com\/index.php\/2025\/08\/23\/la-flambee\/\">La flamb\u00e9e<\/a><\/li><li class=\"listing-item\"><a class=\"title\" href=\"https:\/\/songmyzik.com\/index.php\/2025\/08\/23\/le-pacte\/\">Le pacte<\/a><\/li><li class=\"listing-item\"><a class=\"title\" href=\"https:\/\/songmyzik.com\/index.php\/2025\/08\/23\/eternite\/\">Eternit\u00e9<\/a><\/li><li class=\"listing-item\"><a class=\"title\" href=\"https:\/\/songmyzik.com\/index.php\/2025\/08\/09\/ces-lampions-de-fortune\/\">Ces lampions de fortune<\/a><\/li><li class=\"listing-item\"><a class=\"title\" href=\"https:\/\/songmyzik.com\/index.php\/2025\/07\/26\/petit-port\/\">Petit port<\/a><\/li><li class=\"listing-item\"><a class=\"title\" href=\"https:\/\/songmyzik.com\/index.php\/2025\/07\/19\/chegei-chegei-brasil\/\">Chegei, chegei Brasil !!!<\/a><\/li><li class=\"listing-item\"><a class=\"title\" href=\"https:\/\/songmyzik.com\/index.php\/2025\/07\/19\/duas-irmas-meu-amor\/\">Duas irm\u00e3s, meu amor\u2026<\/a><\/li><li class=\"listing-item\"><a class=\"title\" href=\"https:\/\/songmyzik.com\/index.php\/2025\/06\/19\/de-nosso-trapiche\/\">De nosso trapiche<\/a><\/li><li class=\"listing-item\"><a class=\"title\" href=\"https:\/\/songmyzik.com\/index.php\/2025\/06\/18\/ouro-roxo-do-norte\/\">Ouro Preto do Norte<\/a><\/li><li class=\"listing-item\"><a class=\"title\" href=\"https:\/\/songmyzik.com\/index.php\/2025\/06\/18\/k-drama\/\">K-drama<\/a><\/li><li class=\"listing-item\"><a class=\"title\" href=\"https:\/\/songmyzik.com\/index.php\/2025\/06\/18\/question-organisation\/\">Question organisation<\/a><\/li><li class=\"listing-item\"><a class=\"title\" href=\"https:\/\/songmyzik.com\/index.php\/2025\/06\/17\/retouche\/\">Retouche<\/a><\/li><li class=\"listing-item\"><a class=\"title\" href=\"https:\/\/songmyzik.com\/index.php\/2025\/06\/12\/196\/\">\u5e38\u306b\u30b9\u30ec\u30c3\u30c9<\/a><\/li><li class=\"listing-item\"><a class=\"title\" href=\"https:\/\/songmyzik.com\/index.php\/2025\/06\/12\/la-justesse\/\">La justesse<\/a><\/li><li class=\"listing-item\"><a class=\"title\" href=\"https:\/\/songmyzik.com\/index.php\/2025\/06\/10\/tous-les-matins-il-se-leve\/\">Tous les matins, il se l\u00e8ve<\/a><\/li><li class=\"listing-item\"><a class=\"title\" href=\"https:\/\/songmyzik.com\/index.php\/2025\/06\/10\/ela-danca-sobre-o-mundo\/\">Ela dan\u00e7a sobre o mundo<\/a><\/li><li class=\"listing-item\"><a class=\"title\" href=\"https:\/\/songmyzik.com\/index.php\/2025\/06\/10\/ela-chega-leve-cheia-de-energia\/\">Ela chega leve, cheia de energia<\/a><\/li><li class=\"listing-item\"><a class=\"title\" href=\"https:\/\/songmyzik.com\/index.php\/2025\/06\/10\/coracao-da-amazonia\/\">Cora\u00e7ao da Amazonia<\/a><\/li><li class=\"listing-item\"><a class=\"title\" href=\"https:\/\/songmyzik.com\/index.php\/2025\/06\/10\/comme-on-est\/\">Comme on est<\/a><\/li><li class=\"listing-item\"><a class=\"title\" href=\"https:\/\/songmyzik.com\/index.php\/2025\/06\/10\/124\/\">Elle veut tout<\/a><\/li><li class=\"listing-item\"><a class=\"title\" href=\"https:\/\/songmyzik.com\/index.php\/2025\/06\/10\/119\/\">Oui mais<\/a><\/li><li class=\"listing-item\"><a class=\"title\" href=\"https:\/\/songmyzik.com\/index.php\/2025\/06\/10\/110\/\">C&#8217;\u00e9tait un jour ensoleill\u00e9<\/a><\/li><li class=\"listing-item\"><a class=\"title\" href=\"https:\/\/songmyzik.com\/index.php\/2025\/06\/10\/le-temps-sajuste\/\">Le temps s&#8217;ajuste<\/a><\/li><li class=\"listing-item\"><a class=\"title\" href=\"https:\/\/songmyzik.com\/index.php\/2025\/06\/10\/88\/\">Minuit vingt<\/a><\/li><li class=\"listing-item\"><a class=\"title\" href=\"https:\/\/songmyzik.com\/index.php\/2025\/06\/10\/82\/\">La saison des barbecues<\/a><\/li><li class=\"listing-item\"><a class=\"title\" href=\"https:\/\/songmyzik.com\/index.php\/2025\/06\/10\/jla-croise-jamais-sauf-dans-lescalier\/\">J\u2019la croise jamais, sauf dans l\u2019escalier<\/a><\/li><li class=\"listing-item\"><a class=\"title\" href=\"https:\/\/songmyzik.com\/index.php\/2025\/06\/10\/parfois-jsuis-fort\/\">Parfois j\u2019suis fort,<\/a><\/li><li class=\"listing-item\"><a class=\"title\" href=\"https:\/\/songmyzik.com\/index.php\/2025\/06\/10\/elle-etait-la-cafe-a-la-main\/\">Elle \u00e9tait l\u00e0, caf\u00e9 \u00e0 la main<\/a><\/li><li class=\"listing-item\"><a class=\"title\" href=\"https:\/\/songmyzik.com\/index.php\/2025\/06\/10\/65\/\">Elle a quitt\u00e9 le vert de l\u2019Amazonie<\/a><\/li><li class=\"listing-item\"><a class=\"title\" href=\"https:\/\/songmyzik.com\/index.php\/2025\/06\/10\/elle-aime-ses-collegues\/\">Elle aime ses coll\u00e8gues<\/a><\/li><li class=\"listing-item\"><a class=\"title\" href=\"https:\/\/songmyzik.com\/index.php\/2025\/06\/10\/57\/\">Elle arrive toujours un peu \u00e0 la bourre<\/a><\/li><li class=\"listing-item\"><a class=\"title\" href=\"https:\/\/songmyzik.com\/index.php\/2025\/06\/10\/vinted\/\">Vinted<\/a><\/li><li class=\"listing-item\"><a class=\"title\" href=\"https:\/\/songmyzik.com\/index.php\/2025\/06\/10\/toujours-en-vacances\/\">Toujours en vacances<\/a><\/li><li class=\"listing-item\"><a class=\"title\" href=\"https:\/\/songmyzik.com\/index.php\/2025\/06\/09\/283\/\"><\/a><\/li><li class=\"listing-item\"><a class=\"title\" href=\"https:\/\/songmyzik.com\/index.php\/2025\/06\/09\/la-vai-meu-amigo-do-pacoval\/\">La va\u00ef meu amigo do Pacoval<\/a><\/li><li class=\"listing-item\"><a class=\"title\" href=\"https:\/\/songmyzik.com\/index.php\/2025\/06\/09\/a-viagem-de-ida-e-sempre-igual\/\">A viagem de ida\u2026 \u00e9 sempre igual<\/a><\/li><li class=\"listing-item\"><a class=\"title\" href=\"https:\/\/songmyzik.com\/index.php\/2025\/06\/09\/hello-world\/\">C&#8217;est quand la pause ?<\/a><\/li><\/ul>\n","protected":false},"excerpt":{"rendered":"","protected":false},"author":1,"featured_media":0,"parent":0,"menu_order":0,"comment_status":"closed","ping_status":"closed","template":"","meta":{"_kad_post_transparent":"","_kad_post_title":"","_kad_post_layout":"","_kad_post_sidebar_id":"","_kad_post_content_style":"","_kad_post_vertical_padding":"","_kad_post_feature":"","_kad_post_feature_position":"","_kad_post_header":false,"_kad_post_footer":false,"footnotes":""},"class_list":["post-180","page","type-page","status-publish","hentry"],"_links":{"self":[{"href":"https:\/\/songmyzik.com\/index.php\/wp-json\/wp\/v2\/pages\/180","targetHints":{"allow":["GET"]}}],"collection":[{"href":"https:\/\/songmyzik.com\/index.php\/wp-json\/wp\/v2\/pages"}],"about":[{"href":"https:\/\/songmyzik.com\/index.php\/wp-json\/wp\/v2\/types\/page"}],"author":[{"embeddable":true,"href":"https:\/\/songmyzik.com\/index.php\/wp-json\/wp\/v2\/users\/1"}],"replies":[{"embeddable":true,"href":"https:\/\/songmyzik.com\/index.php\/wp-json\/wp\/v2\/comments?post=180"}],"version-history":[{"count":2,"href":"https:\/\/songmyzik.com\/index.php\/wp-json\/wp\/v2\/pages\/180\/revisions"}],"predecessor-version":[{"id":182,"href":"https:\/\/songmyzik.com\/index.php\/wp-json\/wp\/v2\/pages\/180\/revisions\/182"}],"wp:attachment":[{"href":"https:\/\/songmyzik.com\/index.php\/wp-json\/wp\/v2\/media?parent=180"}],"curies":[{"name":"wp","href":"https:\/\/api.w.org\/{rel}","templated":true}]}}